{"id":2,"date":"2022-08-30T17:26:44","date_gmt":"2022-08-30T17:26:44","guid":{"rendered":"http:\/\/zahnarzthannoeisfeldt.de\/?page_id=2"},"modified":"2026-04-01T10:09:17","modified_gmt":"2026-04-01T08:09:17","slug":"sample-page","status":"publish","type":"page","link":"https:\/\/zahnarzthannoeisfeldt.de\/","title":{"rendered":"Zahnarzt  Praxis Hanno Eisfeldt Halle Saale Willkommen"},"content":{"rendered":"<div class=\"wp-block-image is-resized is-style-default\">\n<figure class=\"alignleft size-full\"><a href=\"https:\/\/zahnarzthannoeisfeldt.de\"><img loading=\"lazy\" decoding=\"async\" width=\"145\" height=\"145\" src=\"https:\/\/zahnarzthannoeisfeldt.de\/wp-content\/uploads\/2022\/08\/square-1.png\" alt=\"\" class=\"wp-image-153\"\/><\/a><\/figure>\n<\/div>\n\n\n<h1 class=\"wp-block-heading has-text-color\" style=\"color:#303140;font-size:92px\">Zahnarzt Hanno Eisfeldt<\/h1>\n\n\n\n<p class=\"has-text-color has-normal-font-size\" style=\"color:#28303d;letter-spacing:0px\"><strong>Guten Tag, wir freuen uns auf Ihren Besuch <\/strong><strong>in unserer Praxis<\/strong>.<\/p>\n\n\n\n<p class=\"has-dark-gray-color has-text-color has-normal-font-size\" style=\"letter-spacing:-5px\">&#8212;&#8212;&#8212;&#8212;&#8212;&#8212;&#8212;&#8212;&#8212;&#8212;&#8212;&#8212;&#8212;&#8212;&#8212;&#8212;&#8212;&#8212;&#8212;&#8212;&#8212;&#8212;&#8212;&#8212;&#8212;-<\/p>\n\n\n\n<p class=\"has-text-color\" style=\"color:#28303d\"><strong><sub><mark style=\"background-color:rgba(0, 0, 0, 0)\" class=\"has-inline-color has-white-color\">Sprechzeiten<\/mark><\/sub><\/strong><mark style=\"background-color:rgba(0, 0, 0, 0)\" class=\"has-inline-color has-white-color\"><br><\/mark><code><mark style=\"background-color:rgba(0, 0, 0, 0)\" class=\"has-inline-color has-dark-gray-color\">Mo<\/mark><\/code>___<strong>8 <\/strong>\u2013<strong> 12&nbsp;<\/strong><br><code>Di<\/code>___<strong>8 <\/strong>\u2013<strong> 12&nbsp;<\/strong><sub>und<\/sub><strong>&nbsp;14 <\/strong>\u2013<strong> 16&nbsp;<\/strong><br><code>Mi<\/code>___<strong>7.<sup>30<\/sup> <\/strong>\u2013<strong> 12&nbsp;<\/strong><br><code>Do<\/code>___<strong>8 <\/strong>\u2013<strong> 12&nbsp;<\/strong><sub>und<\/sub><strong><strong>&nbsp;14 <\/strong><\/strong>\u2013<strong><strong> 18<\/strong><\/strong>&nbsp;<br><code>Fr<\/code>___<strong>8 <\/strong>\u2013<strong> 12&nbsp;<\/strong><sub>und<strong>&nbsp;<\/strong>nach Vereinbarung<\/sub><\/p>\n\n\n\n<p class=\"has-text-color\" style=\"color:#28303d;font-size:21px\"><strong><sub><mark style=\"background-color:rgba(0, 0, 0, 0)\" class=\"has-inline-color has-white-color\">Adresse<\/mark><\/sub><\/strong><br>Gro\u00dfe Steinstra\u00dfe 16&nbsp;<br>06108 Halle\/Saale<br>Deutschland<\/p>\n\n\n\n<p class=\"has-text-color\" style=\"color:#28303d;font-size:21px\"><strong><strong><sub><mark style=\"background-color:rgba(0, 0, 0, 0)\" class=\"has-inline-color has-white-color\">Telefon<\/mark><\/sub><\/strong><br><\/strong>+49 345 20 24 776<br><br><\/p>\n\n\n\n<p><\/p>\n\n\n\n<p><\/p>\n\n\n\n<p><\/p>\n\n\n\n<figure class=\"wp-block-pullquote has-text-align-center has-white-color has-text-color has-normal-font-size\" style=\"border-style:solid;border-width:10px;border-radius:0px\"><blockquote><p><strong><sup>Wir bieten alle <\/sup><br><sup>allgemeinzahn\u00e4rztlichen Leistungen <\/sup><br><sup>zum Wohle des Patienten.<\/sup><\/strong><\/p><cite>H.E.<\/cite><\/blockquote><\/figure>\n\n\n\n<p class=\"has-text-color has-extra-large-font-size\" style=\"color:#becec9\"><strong>*<\/strong><\/p>\n\n\n\n<p><\/p>\n\n\n\n<p><\/p>\n\n\n\n<p class=\"has-text-color\" style=\"color:#4e5261;font-size:12px\"><\/p>\n\n\n\n<div class=\"wp-block-buttons is-layout-flex wp-container-core-buttons-is-layout-c07eda73 wp-block-buttons-is-layout-flex\">\n<div class=\"wp-block-button has-custom-width wp-block-button__width-50 is-style-outline is-style-outline--2\"><a class=\"wp-block-button__link has-gray-color has-text-color wp-element-button\" href=\"https:\/\/goo.gl\/maps\/T8dSdMFeoGFBfRsV6\" style=\"border-radius:0px;padding-top:16px;padding-right:16px;padding-bottom:16px;padding-left:16px\">Anfahrt<\/a><\/div>\n<\/div>\n\n\n\n<p><\/p>\n\n\n\n<p class=\"has-text-color has-extra-large-font-size\" style=\"color:#becec9\"><strong>*<\/strong><\/p>\n\n\n\n<p><\/p>\n\n\n\n<div class=\"wp-block-pb-accordion-item c-accordion__item js-accordion-item no-js\" data-initially-open=\"false\" data-click-to-close=\"true\" data-auto-close=\"true\" data-scroll=\"false\" data-scroll-offset=\"0\"><h6 id=\"at-20\" class=\"c-accordion__title js-accordion-controller\" role=\"button\">\u2193 Impressum \u2013 Datenschutz<\/h6><div id=\"ac-20\" class=\"c-accordion__content\">\n<p style=\"font-size:12px\"><br><br>Anbieter dieser Internetseite ist:<br><br>Hanno Eisfeldt<br><br>Gro\u00dfe Steinstra\u00dfe 16&nbsp;<br>06108 Halle\/Saale<br>Deutschland<br><br>tel \u2014\u2014 +49345 20 24 776 <br>mail \u2014\u2014 <a href=\"mailto:info@zahnarzthannoeisfeldt.de\" target=\"_blank\" rel=\"noopener\" title=\"\">info@zahnarzthannoeisfeldt.de<\/a><br>web \u2014\u2014 www.zahnarzthannoeisfeldt.de<br><br>Herr Dipl.-Stom. Hanno Eisfeldt&nbsp;ist&nbsp;Mitglied der Landeszahn\u00e4rztekammer Sachsen\u2013Anhalt. Er f\u00fchrt die Berufsbezeichnung Diplom Stomatologe,<br>die in der Deutschen Demokratischen Republik verliehen wurde.<br><br><sub><strong>Landeszahn\u00e4rztekammer Sachsen\u2013Anhalt<\/strong><\/sub><br>Gro\u00dfe Diesdorfer Str. 162, <br>39110 Magdeburg<br><br><sub><strong>Zust\u00e4ndige Aufsichtsbeh\u00f6rde<\/strong><\/sub><br>Kassenzahn\u00e4rztliche Vereinigung Sachsen\u2013Anhalt<br>Dr. Eisenbartring 01<br>39120 Magdeburg<br><br>Die Berufsordnung der Zahn\u00e4rztekammer Sachsen\u2013Anhalt ist als <a data-type=\"URL\" data-id=\"https:\/\/www.zaek-sa.de\/zaek-con-de\/uploads\/berufsordnung-nov2018.pdf\" href=\"https:\/\/www.zaek-sa.de\/zaek-con-de\/uploads\/berufsordnung-nov2018.pdf\" target=\"_blank\" rel=\"noreferrer noopener\">PDF<\/a> hier einsehbar. Weitere berufsrechtliche Regeln sind das Gesetz \u00fcber die Aus\u00fcbung der Zahnheilkunde&nbsp;und die Approbationsordnung f\u00fcr Zahn\u00e4rzte<a href=\"https:\/\/muster-impressum.de\/vorlagen\/musterimpressum-fuer-einen-zahnarzt\/\">;<\/a> diese sind einsehbar unter: <a data-type=\"URL\" data-id=\"http:\/\/www.gesetze-im-internet.de\/\" href=\"http:\/\/www.gesetze-im-internet.de\/\" target=\"_blank\" rel=\"noreferrer noopener\">link<\/a><br><br>Inhaltlich Verantwortlicher gem\u00e4\u00df \u00a7 55 Abs<a href=\"https:\/\/muster-impressum.de\/vorlagen\/musterimpressum-fuer-einen-zahnarzt\/\">.<\/a> 1 RStV:&nbsp; Herr Hanno Eisfeldt<br><br><strong><sub>Haftungsausschluss (Disclaimer)<br><\/sub><\/strong>Quelle: eRecht24.de &#8211; Internetrecht von Rechtsanwalt S\u00f6ren Siebert<br><a data-type=\"URL\" data-id=\"http:\/\/www.e-recht24.de\/muster-disclaimer.htm\" href=\"http:\/\/www.e-recht24.de\/muster-disclaimer.htm\" target=\"_blank\" rel=\"noreferrer noopener\">link<\/a><br><strong><br><\/strong><sub><strong>Haftung f\u00fcr Inhalte<\/strong><\/sub><br>Die Inhalte unserer Seiten wurden mit gr\u00f6\u00dfter Sorgfalt erstellt. F\u00fcr die Richtigkeit, Vollst\u00e4ndigkeit und Aktualit\u00e4t der Inhalte k\u00f6nnen wir jedoch keine Gew\u00e4hr \u00fcbernehmen. Als Diensteanbieter sind wir gem\u00e4\u00df \u00a7 7 Abs.1 TMG f\u00fcr eigene Inhalte auf diesen Seiten nach den allgemeinen Gesetzen verantwortlich. Nach \u00a7\u00a7 8 bis 10 TMG sind wir als Diensteanbieter jedoch nicht verpflichtet, \u00fcbermittelte oder gespeicherte fremde Informationen zu \u00fcberwachen oder nach Umst\u00e4nden zu forschen, die auf eine rechtswidrige T\u00e4tigkeit hinweisen. Verpflichtungen zur Entfernung oder Sperrung der Nutzung von Informationen nach den allgemeinen Gesetzen bleiben hiervon unber\u00fchrt. Eine diesbez\u00fcgliche Haftung ist jedoch erst ab dem Zeitpunkt der Kenntnis einer konkreten Rechtsverletzung m\u00f6glich. Bei bekannt werden von entsprechenden Rechtsverletzungen werden wir diese Inhalte umgehend entfernen.<br><sub><strong><br>Haftung f\u00fcr Links<\/strong><\/sub><br>Unser Angebot enth\u00e4lt Links zu externen Webseiten Dritter, auf deren Inhalte wir keinen Einfluss haben. Deshalb k\u00f6nnen wir f\u00fcr diese fremden Inhalte auch keine Gew\u00e4hr \u00fcbernehmen. F\u00fcr die Inhalte der verlinkten Seiten ist stets der jeweilige Anbieter oder Betreiber der Seiten verantwortlich. Die verlinkten Seiten wurden zum Zeitpunkt der Verlinkung auf m\u00f6gliche Rechtsverst\u00f6\u00dfe \u00fcberpr\u00fcft. Rechtswidrige Inhalte waren zum Zeitpunkt der Verlinkung nicht erkennbar. Eine permanente inhaltliche Kontrolle der verlinkten Seiten ist jedoch ohne konkrete Anhaltspunkte einer Rechtsverletzung nicht zumutbar. Bei Bekanntwerden von Rechtsverletzungen werden wir derartige Links umgehend entfernen.<br><strong><br><sub>Urheberrecht<\/sub><\/strong><br>Die durch die Seitenbetreiber erstellten Inhalte und Werke auf diesen Seiten unterliegen dem deutschen Urheberrecht. Die Vervielf\u00e4ltigung, Bearbeitung, Verbreitung und jede Art der Verwertung au\u00dferhalb der Grenzen des Urheberrechtes bed\u00fcrfen der schriftlichen Zustimmung des jeweiligen Autors bzw. Erstellers. Downloads und Kopien dieser Seite sind nur f\u00fcr den privaten, nicht kommerziellen Gebrauch gestattet. Soweit die Inhalte auf dieser Seite nicht vom Betreiber erstellt wurden, werden die Urheberrechte Dritter beachtet. Insbesondere werden Inhalte Dritter als solche gekennzeichnet. Sollten Sie trotzdem auf eine Urheberrechtsverletzung aufmerksam werden, bitten wir um einen entsprechenden Hinweis. Bei Bekanntwerden von Rechtsverletzungen werden wir derartige Inhalte umgehend entfernen.<br><strong><br><sub>Datenschutz<\/sub><\/strong><br>Die Nutzung unserer Webseite ist in der Regel ohne Angabe personenbezogener Daten m\u00f6glich. Soweit auf unseren Seiten personenbezogene Daten (beispielsweise Name, Anschrift oder eMail-Adressen) erhoben werden, erfolgt dies, soweit m\u00f6glich, stets auf freiwilliger Basis. Diese Daten werden ohne Ihre ausdr\u00fcckliche Zustimmung nicht an Dritte weitergegeben. Wir weisen darauf hin, dass die Daten\u00fcbertragung im Internet (z.B. bei der Kommunikation per E-Mail) Sicherheitsl\u00fccken aufweisen kann. Ein l\u00fcckenloser Schutz der Daten vor dem Zugriff durch Dritte ist nicht m\u00f6glich.<br><strong><br>Der Nutzung von im Rahmen der Impressumspflicht ver\u00f6ffentlichten Kontaktdaten durch Dritte zur \u00dcbersendung von nicht ausdr\u00fccklich angeforderter Werbung und Informationsmaterialien wird hiermit ausdr\u00fccklich widersprochen. Die Betreiber der Seiten behalten sich ausdr\u00fccklich rechtliche Schritte im Falle der unverlangten Zusendung von Werbeinformationen, etwa durch Spam-Mails, Anrufe &nbsp;oder Werbefaxe, vor.<\/strong><br><br><strong><sub>Datenschutzerkl\u00e4rung<\/sub><\/strong><br>Wir erheben, speichern, nutzen, \u00fcbermitteln oder l\u00f6schen folgende personenbezogene Daten von:<br><br>Interessenten unserer Internetseite und Patienten unserer Praxis, die nat\u00fcrliche Personen sind<br>Allen anderen nat\u00fcrlichen Personen, die in Kontakt mit unserer Praxis stehen (z.B. Bevollm\u00e4chtigte von Patienten, Erziehungsberechtigte von Patienten, Mitarbeiter juristischer Personen, Besucher unserer Internetseite)<br><br>Personenbezogenen Daten von Ihnen werden von uns erhoben, wenn Sie mit uns z.B. per E-Mail oder Telefon in Kontakt treten und einen Behandlungstermin ausmachen wollen.<br><strong><sub><br>Folgende pers\u00f6nliche Daten verarbeiten wir:<\/sub><\/strong><br><br>Pers\u00f6nliche Angaben (z.B. Vor- und Nachnamen, Adresse, Geburtsdatum und -ort, E-Mail-Adresse, Telefonnummer, Versicherungsstatus);<br>Daten zu Ihrem Online-Verhalten und -pr\u00e4ferenzen (z.B. IP-Adressen, eindeutige Zuordnungsmerkmale mobiler Endger\u00e4te, Daten zu Ihren Besuchen auf unserer Internetseite, Endger\u00e4te, mit denen Sie unsere Internetseite besucht haben)<br><br>Angaben zu Kindern erheben wir nur dann, wenn diese durch die Erziehungsberechtigten in unserer Praxis als Patient vorgestellt werden.<br><sub><strong><br>Wer erh\u00e4lt ggf. Ihre personenbezogenen Daten \u00fcbermittelt?<\/strong><\/sub><br><br>Falls einzelne Funktionen unserer Internetseite auf beauftragte Dienstleister zur\u00fcckgreifen, informieren wir Sie im folgenden Absatz dieser Datenschutzerkl\u00e4rung im Detail \u00fcber die jeweiligen Vorg\u00e4nge. Dabei nennen wir auch die festgelegten Kriterien der Speicherdauer.<br><br><strong><sub>Welchem Zweck dienen Ihre Daten und mit welcher Rechtfertigung d\u00fcrfen wir diese nutzen?<\/sub><\/strong><br><br>Wenn Sie unsere Internetseite ausschlie\u00dflich dazu nutzen, sich \u00fcber unsere Praxis zu informieren, erheben wir nur die personenbezogenen Daten, die Ihr Browser an unseren Server \u00fcbermittelt. Wenn Sie unsere Website betrachten m\u00f6chten, erheben wir die folgenden Daten, die f\u00fcr uns technisch erforderlich sind, um Ihnen unsere Website anzuzeigen und die Stabilit\u00e4t und Sicherheit zu gew\u00e4hrleisten (Rechtsgrundlage ist Art. 6 Abs. 1 S. 1 lit. f DSGVO):<br><br>IP-Adresse<br>Datum und Uhrzeit der Anfrage<br>Zeitzonendifferenz zur Greenwich Mean Time (GMT)<br>Inhalt der Anforderung (konkrete Seite)<br>Zugriffsstatus\/HTTP-Statuscode<br>jeweils \u00fcbertragene Datenmenge<br>Website, von der die Anforderung kommt<br>Browser<br>Betriebssystem und dessen Oberfl\u00e4che<br>Sprache und Version der Browsersoftware.<br><br>Zus\u00e4tzlich zu diesen Daten werden bei Ihrer Nutzung unserer Internetseite auch Cookies auf Ihrem Rechner gespeichert. Bei Cookies handelt es sich um kleine Textdateien, die auf Ihrer Festplatte dem von Ihnen verwendeten Browser zugeordnet gespeichert werden und durch welche der Stelle, die den Cookie setzt (hier durch uns), bestimmte Informationen zuflie\u00dfen. Cookies k\u00f6nnen keine Programme ausf\u00fchren oder Viren auf Ihren Computer \u00fcbertragen. Sie dienen dazu, das Internetangebot insgesamt nutzerfreundlicher und effektiver zu machen.<br><br><strong><sub>Einsatz von Cookies:<br><\/sub><\/strong><br>Diese Website nutzt folgende Arten von Cookies, deren Umfang und Funktionsweise im Folgenden erl\u00e4utert werden:<br><br><strong>Persistente Cookies<br>Transiente Cookies<\/strong><br><br><strong>Transiente Cookies<\/strong> werden automatisiert gel\u00f6scht, wenn Sie den Browser schlie\u00dfen. Dazu z\u00e4hlen insbesondere die Session-Cookies. Diese speichern eine sogenannte Session-ID, mit welcher sich verschiedene Anfragen Ihres Browsers der gemeinsamen Sitzung zuordnen lassen. Dadurch kann Ihr Rechner wiedererkannt werden, wenn Sie auf unsere Website zur\u00fcckkehren. Die Session-Cookies werden gel\u00f6scht, wenn Sie sich ausloggen oder den Browser schlie\u00dfen.<br><br><strong>Persistente Cookies<\/strong> werden automatisiert nach einer vorgegebenen Dauer gel\u00f6scht, die sich je nach Cookie unterscheiden kann. Sie k\u00f6nnen die Cookies in den Sicherheitseinstellungen Ihres Browsers jederzeit l\u00f6schen.<br><br>Sie k\u00f6nnen Ihre Browser-Einstellung entsprechend Ihren W\u00fcnschen konfigurieren und z.\u2009B. die Annahme von Third-Party-Cookies oder allen Cookies ablehnen. Wir weisen Sie darauf hin, dass Sie eventuell nicht alle Funktionen dieser Website nutzen k\u00f6nnen.<\/p>\n<\/div><\/div>\n\n\n\n<p class=\"has-text-color\" style=\"color:#becec9\"><\/p>\n\n\n\n<p class=\"has-white-color has-text-color\" style=\"font-size:12px\"><sub><strong>\u00a9 2026<\/strong><\/sub><\/p>\n\n\n<div class=\"wp-block-image is-resized is-style-default\">\n<figure class=\"alignleft size-full\"><a href=\"https:\/\/zahnarzthannoeisfeldt.de\"><img loading=\"lazy\" decoding=\"async\" width=\"145\" height=\"145\" src=\"https:\/\/zahnarzthannoeisfeldt.de\/wp-content\/uploads\/2022\/08\/square-1.png\" alt=\"\" class=\"wp-image-153\"\/><\/a><\/figure>\n<\/div>\n\n\n<p><\/p>\n\n\n","protected":false},"excerpt":{"rendered":"<p>Zahnarzt Hanno Eisfeldt Guten Tag, wir freuen uns auf Ihren Besuch in unserer Praxis. &#8212;&#8212;&#8212;&#8212;&#8212;&#8212;&#8212;&#8212;&#8212;&#8212;&#8212;&#8212;&#8212;&#8212;&#8212;&#8212;&#8212;&#8212;&#8212;&#8212;&#8212;&#8212;&#8212;&#8212;&#8212;- SprechzeitenMo___8 \u2013 12&nbsp;Di___8 \u2013 12&nbsp;und&nbsp;14 \u2013 16&nbsp;Mi___7.30 \u2013 12&nbsp;Do___8 \u2013 12&nbsp;und&nbsp;14 \u2013 18&nbsp;Fr___8 \u2013 12&nbsp;und&nbsp;nach Vereinbarung AdresseGro\u00dfe Steinstra\u00dfe 16&nbsp;06108 Halle\/SaaleDeutschland Telefon+49 345 20 24 776 Wir bieten alle allgemeinzahn\u00e4rztlichen Leistungen zum Wohle des Patienten. H.E. * * \u00a9 2026<\/p>\n","protected":false},"author":1,"featured_media":0,"parent":0,"menu_order":0,"comment_status":"closed","ping_status":"open","template":"","meta":{"_monsterinsights_skip_tracking":false,"_monsterinsights_sitenote_active":false,"_monsterinsights_sitenote_note":"","_monsterinsights_sitenote_category":0,"footnotes":"[]"},"class_list":["post-2","page","type-page","status-publish","hentry","entry"],"_links":{"self":[{"href":"https:\/\/zahnarzthannoeisfeldt.de\/index.php?rest_route=\/wp\/v2\/pages\/2","targetHints":{"allow":["GET"]}}],"collection":[{"href":"https:\/\/zahnarzthannoeisfeldt.de\/index.php?rest_route=\/wp\/v2\/pages"}],"about":[{"href":"https:\/\/zahnarzthannoeisfeldt.de\/index.php?rest_route=\/wp\/v2\/types\/page"}],"author":[{"embeddable":true,"href":"https:\/\/zahnarzthannoeisfeldt.de\/index.php?rest_route=\/wp\/v2\/users\/1"}],"replies":[{"embeddable":true,"href":"https:\/\/zahnarzthannoeisfeldt.de\/index.php?rest_route=%2Fwp%2Fv2%2Fcomments&post=2"}],"version-history":[{"count":152,"href":"https:\/\/zahnarzthannoeisfeldt.de\/index.php?rest_route=\/wp\/v2\/pages\/2\/revisions"}],"predecessor-version":[{"id":298,"href":"https:\/\/zahnarzthannoeisfeldt.de\/index.php?rest_route=\/wp\/v2\/pages\/2\/revisions\/298"}],"wp:attachment":[{"href":"https:\/\/zahnarzthannoeisfeldt.de\/index.php?rest_route=%2Fwp%2Fv2%2Fmedia&parent=2"}],"curies":[{"name":"wp","href":"https:\/\/api.w.org\/{rel}","templated":true}]}}